{"id":378,"date":"2017-06-02T12:30:08","date_gmt":"2017-06-02T14:30:08","guid":{"rendered":"http:\/\/www.encontraamparo.com.br\/noticias\/?page_id=378"},"modified":"2025-09-30T11:53:51","modified_gmt":"2025-09-30T13:53:51","slug":"sobre-amparo","status":"publish","type":"page","link":"https:\/\/www.encontraamparo.com.br\/sobre\/","title":{"rendered":"Sobre Amparo"},"content":{"rendered":"<div class=\"005b81288333650253a1d8c68cb614d0\" data-index=\"1\" style=\"float: none; margin:0px;\">\n<!-- Anuncio display - global -->\r\n<ins class=\"adsbygoogle\"\r\n     style=\"display:block\"\r\n     data-ad-client=\"ca-pub-8585364105181520\"\r\n     data-ad-slot=\"8789329856\"\r\n     data-ad-format=\"auto\"\r\n     data-full-width-responsive=\"true\"><\/ins>\r\n<script>\r\n     (adsbygoogle = window.adsbygoogle || []).push({});\r\n<\/script>\n<\/div>\n<h2>Limites &#8211; Cidades Vizinhas<\/h2>\n<p>Monte Alegre do Sul, Tuiuti, Santo Ant\u00f4nio da Posse, <a title=\"Pedreira\" href=\"https:\/\/itapira.encontrasp.com.br\/\" target=\"_blank\" rel=\"noopener noreferrer\">Itapira<\/a>, Serra Negra, Jaguari\u00fana, <a title=\"Pedreira\" href=\"https:\/\/www.encontrapedreira.com.br\/\" target=\"_blank\" rel=\"noopener noreferrer\">Pedreira<\/a> e Morungaba.<\/p>\n<h3>Dados Principais sobre a Cidade de Amparo<\/h3>\n<p><strong>Anivers\u00e1rio: <\/strong>8 de abril<br \/>\n<strong>Funda\u00e7\u00e3o :<\/strong> 1829<br \/>\n<strong>Gent\u00edlico:<\/strong> Amparense<br \/>\n<strong>\u00c1rea: <\/strong>446,009 Km\u00b2<br \/>\n<strong>Popula\u00e7\u00e3o<\/strong> 65 836 hab. (2011)<br \/>\n<strong>IDH <\/strong>0,806 &#8211; elevado<br \/>\n<strong>Prefeitura <\/strong>Amparo<\/p>\n<div id=\"attachment_379\" style=\"width: 114px\" class=\"wp-caption alignleft\"><img loading=\"lazy\" decoding=\"async\" aria-describedby=\"caption-attachment-379\" class=\"wp-image-379 size-full\" src=\"https:\/\/www.encontraamparo.com.br\/sobre\/wp-content\/uploads\/2017\/06\/brasao-de-amparo.jpg\" alt=\"Bras\u00e3o de Amparo\" width=\"104\" height=\"119\" \/><p id=\"caption-attachment-379\" class=\"wp-caption-text\">Bras\u00e3o de Amparo<\/p><\/div>\n<div id=\"attachment_380\" style=\"width: 155px\" class=\"wp-caption alignnone\"><img loading=\"lazy\" decoding=\"async\" aria-describedby=\"caption-attachment-380\" class=\"wp-image-380 size-full\" src=\"https:\/\/www.encontraamparo.com.br\/sobre\/wp-content\/uploads\/2017\/06\/bandeira-de-amparo.jpg\" alt=\"Bandeira de Amparo\" width=\"145\" height=\"93\" \/><p id=\"caption-attachment-380\" class=\"wp-caption-text\">Bandeira de Amparo<\/p><\/div>\n<h2>Hist\u00f3ria de Amparo<img decoding=\"async\" class=\"alignnone size-full wp-image-381\" src=\"https:\/\/www.encontraamparo.com.br\/noticias\/wp-content\/uploads\/2017\/06\/cidade-de-amparo.jpg\" alt=\"\" width=\"100%\" srcset=\"https:\/\/www.encontraamparo.com.br\/sobre\/wp-content\/uploads\/2017\/06\/cidade-de-amparo.jpg 565w, https:\/\/www.encontraamparo.com.br\/sobre\/wp-content\/uploads\/2017\/06\/cidade-de-amparo-300x105.jpg 300w\" sizes=\"(max-width: 565px) 100vw, 565px\" \/><\/h2>\n<p><strong>Amparo<\/strong>, oficialmente Est\u00e2ncia Hidromineral de Amparo, \u00e9 um munic\u00edpio brasileiro do estado de S\u00e3o Paulo. Localiza-se a uma latitude 22\u00ba42&#8217;04&#8221; sul e a uma longitude 46\u00ba45&#8217;52&#8221; oeste, estando a uma altitude de 674 metros. Possui uma \u00e1rea de 446 km\u00b2.<\/p>\n<h2>Hist\u00f3ria<\/h2>\n<p>No in\u00edcio do s\u00e9culo XIX, fam\u00edlias de Atibaia, Bragan\u00e7a e Nazar\u00e9 fixam-se num bairro chamado Camandocaia, na regi\u00e3o do Sert\u00e3o de Bragan\u00e7a, possivelmente atra\u00eddos pela fertilidade das terras da regi\u00e3o.<\/p>\n<p>Por volta de 1824, os moradores do retiro, com autoriza\u00e7\u00e3o do vig\u00e1rio capitular, constroem uma capela dedicada a Nossa Senhora do Amparo, que acabaria por dar nome \u00e0 cidade.<\/p>\n<p>Em 8 de abril de 1829, o bairro da capela de Nossa Senhora do Amparo ganha a condi\u00e7\u00e3o de capela curada, data que \u00e9 oficialmente considerada a funda\u00e7\u00e3o de Amparo. Com o crescimento dos anos seguintes, o aglomerado \u00e9 elevado a condi\u00e7\u00e3o de freguesia (1839).<\/p>\n<p>1850 marca o in\u00edcio das lavouras de caf\u00e9, ciclo que impulsionaria a eleva\u00e7\u00e3o da vila Nossa Senhora do Amparo \u00e0 categoria de cidade em 1863.<\/p>\n<p>Nas d\u00e9cadas seguintes, a cidade prosperou com o caf\u00e9, ganhou servi\u00e7o de correios, inaugurou um jornal (&#8220;Tribuna Amparense&#8221;), ilumina\u00e7\u00e3o com lampi\u00f5es a querosene e a Companhia Mogiana de Estradas de Ferro, para escoar sua crescente produ\u00e7\u00e3o de cafeeira rumo ao porto de Santos.<\/p>\n<p>Em 1878, <a title=\"Amparo\" href=\"https:\/\/www.encontraamparo.com.br\/\">Amparo<\/a> recebe a visita de Dom Pedro II, que \u00e9 hospedado pelo Bar\u00e3o de Campinas, j\u00e1 como a maior produtora de caf\u00e9 do Brasil Imp\u00e9rio.<\/p>\n<p>Na gest\u00e3o (de 1897 a 1899), do intendente capit\u00e3o Dam\u00e1sio Pires Pimentel, foi inaugurada em 8 de maio de 1898 a ilumina\u00e7\u00e3o el\u00e9trica da cidade.<\/p>\n<p>Tal proje\u00e7\u00e3o manteve-se at\u00e9 a segunda d\u00e9cada do s\u00e9culo XX, quando ent\u00e3o a grave crise do caf\u00e9 (1929) trouxe crise e estagna\u00e7\u00e3o econ\u00f4mica \u00e0 cidade. E foi neste mesmo ano que o Secret\u00e1rio de Justi\u00e7a do Estado de S\u00e3o Paulo, Artur Piquerobi de Aguiar Whitaker, em discurso designou a cidade como a \u201cFlor da Montanha\u201d.<\/p>\n<p>Em 1932, Amparo foi um dos importantes palcos da Revolu\u00e7\u00e3o Constitucionalista.<\/p>\n<p>Foi a partir de 1940 que a estagna\u00e7\u00e3o econ\u00f4mica provocada pela crise do caf\u00e9 come\u00e7ou a reverter-se pelo surgimento, ainda t\u00edmido, da atividade industrial.<\/p>\n<h2>Turismo<\/h2>\n<p>A <a title=\"cidade de Amparo\" href=\"https:\/\/www.encontraamparo.com.br\/\">cidade de Amparo<\/a> \u00e9 uma das seis Est\u00e2ncias Hidrominerais do Circuito das \u00c1guas Paulista, terceiro principal destino tur\u00edstico do Estado de S\u00e3o Paulo. Seu principal atrativo tur\u00edstico prov\u00e9m de sua geologia (Est\u00e2ncia Hidromineral), principalmente de suas \u00e1guas, sejam elas de suas fontes de \u00e1guas minerais, seja do principal manancial que corta o munic\u00edpio, o rio Camanducaia. Amparo disp\u00f5e tamb\u00e9m de um importante Patrim\u00f4nio Hist\u00f3rico, protegido pelo CONDEPHAAT (\u00f3rg\u00e3o respons\u00e1vel pela preserva\u00e7\u00e3o no Estado de S\u00e3o Paulo) e por seu Plano Diretor, objeto de teses e livros e considerado um dos mais diversificados e bem preservados da segunda metade do s\u00e9culo XIX (\u00e9poca da lavoura cafeeira). Al\u00e9m disso, o Carnaval de Amparo \u00e9 refer\u00eancia na regi\u00e3o, bem como seu Festival de Inverno.<\/p>\n<h2>Parque Linear<\/h2>\n<p>O Parque Linear &#8220;\u00c1guas do Camanducaia&#8221; \u00e9 um parque p\u00fablico localizado \u00e0s margens do rio Camanducaia. Possui 3.100 metros de extens\u00e3o, com jardins, ciclovia, pista de skate e bike, quadra de areia, fonte luminosa com \u00e1gua tratada (pode-se utilizar para banho), equipamentos de gin\u00e1stica, parque infantil, quatro passagens para pedestres sobre o rio Camanducaia e pequenos quiosques de com\u00e9rcio.<\/p>\n<p>Para homenagear a comunidade de moradores desta maravilhosa cidade, o <a title=\"Encontra S\u00e3o Paulo\" href=\"\/\/www.encontrasaopaulo.com.br\/\" target=\"_blank\" rel=\"noopener noreferrer\">Encontra S\u00e3o Paulo<\/a> criou o <a title=\"Encontra Amparo\" href=\"https:\/\/www.encontraamparo.com.br\/\" target=\"_blank\" rel=\"noopener noreferrer\">Encontra Amparo<\/a>.<\/p>\n\n<div style=\"font-size: 0px; height: 0px; line-height: 0px; margin: 0; padding: 0; clear: both;\"><\/div>","protected":false},"excerpt":{"rendered":"<p>Limites &#8211; Cidades Vizinhas Monte Alegre do Sul, Tuiuti, Santo Ant\u00f4nio da Posse, Itapira, Serra Negra, Jaguari\u00fana, Pedreira e Morungaba. Dados Principais sobre a Cidade de Amparo Anivers\u00e1rio: 8 de abril Funda\u00e7\u00e3o : 1829 Gent\u00edlico: Amparense \u00c1rea: 446,009 Km\u00b2 Popula\u00e7\u00e3o 65 836 hab. (2011) IDH 0,806 &#8211; elevado Prefeitura Amparo Hist\u00f3ria de Amparo Amparo, oficialmente Est\u00e2ncia Hidromineral de Amparo, \u00e9 um munic\u00edpio brasileiro do estado de S\u00e3o Paulo. Localiza-se a uma latitude 22\u00ba42&#8217;04&#8221; sul e a uma longitude 46\u00ba45&#8217;52&#8221; oeste, estando a uma altitude de 674 metros. Possui uma \u00e1rea de 446 km\u00b2. Hist\u00f3ria No in\u00edcio do s\u00e9culo XIX, fam\u00edlias <\/p>\n","protected":false},"author":1,"featured_media":0,"parent":0,"menu_order":0,"comment_status":"closed","ping_status":"closed","template":"","meta":{"footnotes":""},"class_list":["post-378","page","type-page","status-publish","hentry"],"aioseo_notices":[],"_links":{"self":[{"href":"https:\/\/www.encontraamparo.com.br\/sobre\/wp-json\/wp\/v2\/pages\/378","targetHints":{"allow":["GET"]}}],"collection":[{"href":"https:\/\/www.encontraamparo.com.br\/sobre\/wp-json\/wp\/v2\/pages"}],"about":[{"href":"https:\/\/www.encontraamparo.com.br\/sobre\/wp-json\/wp\/v2\/types\/page"}],"author":[{"embeddable":true,"href":"https:\/\/www.encontraamparo.com.br\/sobre\/wp-json\/wp\/v2\/users\/1"}],"replies":[{"embeddable":true,"href":"https:\/\/www.encontraamparo.com.br\/sobre\/wp-json\/wp\/v2\/comments?post=378"}],"version-history":[{"count":0,"href":"https:\/\/www.encontraamparo.com.br\/sobre\/wp-json\/wp\/v2\/pages\/378\/revisions"}],"wp:attachment":[{"href":"https:\/\/www.encontraamparo.com.br\/sobre\/wp-json\/wp\/v2\/media?parent=378"}],"curies":[{"name":"wp","href":"https:\/\/api.w.org\/{rel}","templated":true}]}}